{"id":2074,"date":"2019-08-01T13:09:41","date_gmt":"2019-08-01T13:09:41","guid":{"rendered":"https:\/\/chapterone.qodeinteractive.com\/?post_type=product&#038;p=2074"},"modified":"2025-10-18T22:50:48","modified_gmt":"2025-10-18T20:50:48","slug":"ceci-est-notre-post-partum-illana-weizman","status":"publish","type":"product","link":"https:\/\/mon-post-partum.com\/index.php\/produit\/ceci-est-notre-post-partum-illana-weizman\/","title":{"rendered":"Ceci est notre post-partum: D\u00e9faire les mythes et les tabous pour s&rsquo;\u00e9manciper &#8211; Illana Weizman"},"content":{"rendered":"<p>Pour une femme, la naissance d\u2019un b\u00e9b\u00e9 est un \u00e9v\u00e9nement que la soci\u00e9t\u00e9 qualifie de \u00ab magique \u00bb, procurant un \u00ab bonheur immense et immacul\u00e9 \u00bb. Si c\u2019est en partie vrai, c\u2019est bien vite oublier la r\u00e9alit\u00e9 de la maternit\u00e9 et ses plus sombres nuances. C\u2019est passer sous silence les difficult\u00e9s et les remous des suites de couches. C\u2019est cacher la douleur, la souffrance \u2013 physique ou psychique \u2013 qu\u2019\u00e9prouvent les femmes dans les jours, les semaines, les mois, qui suivent l\u2019arriv\u00e9e de leur enfant.<br \/>\nLe post-partum, cette p\u00e9riode qui d\u00e9bute apr\u00e8s l\u2019accouchement mais dont la dur\u00e9e reste ind\u00e9termin\u00e9e selon les d\u00e9finitions et le v\u00e9cu de chacune, est le grand tabou de la maternit\u00e9. Illana Weizman d\u00e9nonce l\u2019invisibilit\u00e9 d\u2019une exp\u00e9rience pourtant commune \u00e0 des millions de femmes \u00e0 travers le monde, et en d\u00e9crypte les origines socio-culturelles. Elle encourage les femmes \u00e0 s\u2019informer, \u00e0 partager leurs exp\u00e9riences, et avance des propositions politiques pour une meilleure prise en charge du post-partum. S\u2019appuyant sur les nombreux t\u00e9moignages du hashtag #MonPostPartum et sur ses qualit\u00e9s d\u2019analyse sociologique, elle normalise les r\u00e9alit\u00e9s du post-partum dans un manifeste lib\u00e9rateur.<\/p>\n<p>&nbsp;<\/p>\n<a itemprop=\"url\" href=\"https:\/\/www.amazon.fr\/gp\/product\/2501154053\/ref=as_li_tl?ie=UTF8&#038;camp=1642&#038;creative=6746&#038;creativeASIN=2501154053&#038;linkCode=as2&#038;tag=monpostpartum-21&#038;linkId=4d81fdd2a5730324fd94b42e82a7e2e1\"\n   target=\"_self\"  class=\"mkdf-btn mkdf-btn-medium mkdf-btn-solid\"  >\n\t<span class=\"mkdf-btn-text\">Acheter ici<\/span>\n\t<i class=\"mkdf-icon-font-awesome  \" ><\/i><\/a>\n","protected":false},"excerpt":{"rendered":"<p>Pour une femme, la naissance d\u2019un b\u00e9b\u00e9 est un \u00e9v\u00e9nement que la soci\u00e9t\u00e9 qualifie de \u00ab magique \u00bb, procurant un \u00ab bonheur immense et immacul\u00e9 \u00bb. Si c\u2019est en partie vrai, c\u2019est bien vite oublier la r\u00e9alit\u00e9 de la maternit\u00e9 et ses plus sombres nuances. C\u2019est passer sous silence les difficult\u00e9s et les remous des suites de couches. C\u2019est cacher la douleur, la souffrance \u2013 physique ou psychique \u2013 qu\u2019\u00e9prouvent les femmes dans les jours, les semaines, les mois, qui suivent l\u2019arriv\u00e9e de leur enfant.<\/p>\n<p>&nbsp;<\/p>\n<p>&nbsp;<\/p>\n[mkdf_button size=\"\" type=\"\" text=\"Acheter ici\" custom_class=\"\" icon_pack=\"font_awesome\" fa_icon=\"\" link=\"https:\/\/www.amazon.fr\/gp\/product\/2501154053\/ref=as_li_tl?ie=UTF8&amp;camp=1642&amp;creative=6746&amp;creativeASIN=2501154053&amp;linkCode=as2&amp;tag=monpostpartum-21&amp;linkId=4d81fdd2a5730324fd94b42e82a7e2e1\" target=\"_self\" color=\"\" hover_color=\"\" background_color=\"\" hover_background_color=\"\" border_color=\"\" hover_border_color=\"\" font_size=\"\" font_weight=\"\" margin=\"\"]\n","protected":false},"author":1,"featured_media":2615,"comment_status":"open","ping_status":"closed","template":"","meta":{"_monsterinsights_skip_tracking":false,"_monsterinsights_sitenote_active":false,"_monsterinsights_sitenote_note":"","_monsterinsights_sitenote_category":0},"_links":{"self":[{"href":"https:\/\/mon-post-partum.com\/index.php\/wp-json\/wp\/v2\/product\/2074"}],"collection":[{"href":"https:\/\/mon-post-partum.com\/index.php\/wp-json\/wp\/v2\/product"}],"about":[{"href":"https:\/\/mon-post-partum.com\/index.php\/wp-json\/wp\/v2\/types\/product"}],"author":[{"embeddable":true,"href":"https:\/\/mon-post-partum.com\/index.php\/wp-json\/wp\/v2\/users\/1"}],"replies":[{"embeddable":true,"href":"https:\/\/mon-post-partum.com\/index.php\/wp-json\/wp\/v2\/comments?post=2074"}],"wp:featuredmedia":[{"embeddable":true,"href":"https:\/\/mon-post-partum.com\/index.php\/wp-json\/wp\/v2\/media\/2615"}],"wp:attachment":[{"href":"https:\/\/mon-post-partum.com\/index.php\/wp-json\/wp\/v2\/media?parent=2074"}],"curies":[{"name":"wp","href":"https:\/\/api.w.org\/{rel}","templated":true}]}}