{"id":2072,"date":"2019-07-30T13:07:52","date_gmt":"2019-07-30T13:07:52","guid":{"rendered":"https:\/\/chapterone.qodeinteractive.com\/?post_type=product&#038;p=2072"},"modified":"2026-02-10T16:52:28","modified_gmt":"2026-02-10T15:52:28","slug":"coquillages-allaitement","status":"publish","type":"product","link":"https:\/\/mon-post-partum.com\/index.php\/produit\/coquillages-allaitement\/","title":{"rendered":"Coquillages d\u2019Allaitement Nacre 100% Naturels Made in France"},"content":{"rendered":"<ul class=\"a-unordered-list a-vertical a-spacing-mini\">\n<li><span class=\"a-list-item\"><strong>PAIRE DE COQUILLAGES D\u2019ALLAITEMENT NEW MUMS EN NACRE 100% NATURELLE MADE IN FRANCE<\/strong> &#8211; Soigneusement s\u00e9lectionn\u00e9s puis polis gr\u00e2ce \u00e0 6 supports diff\u00e9rents avant d\u2019\u00eatre class\u00e9s par paires pour vous garantir la meilleure ressemblance et le plus grand confort<\/span><\/li>\n<li><span class=\"a-list-item\"><strong>PROT\u00c8GE-MAMELONS NATURELS<\/strong> &#8211; Pr\u00e9serve les bouts de seins des frottements et permet de r\u00e9cup\u00e9rer une partie des pertes de lait, qui avec la nacre permet une cicatrisation rapide du mamelon. Solution recommand\u00e9e par de nombreuses sages femmes pour ses vertus apaisantes et cicatrisantes<\/span><\/li>\n<li><span class=\"a-list-item\"><strong>EFFET FRAICHEUR APAISANT<\/strong> &#8211; La nacre apporte un sensation de fra\u00eecheur sur votre peau et participe \u00e0 sa cicatrisation; Nos coquilles d\u2019allaitement peuvent \u00e9galement \u00eatre utilis\u00e9s avec des cr\u00e8mes de soins adapt\u00e9es \u00e0 vos mamelons<\/span><\/li>\n<li><span class=\"a-list-item\"><strong>SOLUTION NATURELLE ET \u00c9COLOGIQUE POUR L\u2019ALLAITEMENT MATERNEL<\/strong> &#8211; r\u00e9utilisables sans limites apr\u00e8s un simple nettoyage \u00e0 l\u2019eau claire ou savonneuse; Nous effectuons avec soin le choix, le polissage et le classement de nos coquillages par paires pour vous garantir la plus grande satisfaction.<\/span><\/li>\n<li><span class=\"a-list-item\"><strong>GUIDE DES TAILLES<\/strong> : mesurez le diam\u00e8tre de votre ar\u00e9ole, partie la plus large, vers le d\u00e9but du 9\u00e8me mois pour obtenir la taille appropri\u00e9e \u00e0 vos mamelons (l\u2019ar\u00e9ole est la partie brune autour de votre mamelon) Taille S : pour une ar\u00e9ole jusqu\u2019\u00e0 5,5cm de diam\u00e8tre. Taille M : pour une ar\u00e9ole mesurant entre 5,5 et 6 cm de diam\u00e8tre. Taille L : Pour une ar\u00e9ole mesurant plus de 6 cm de diam\u00e8tre. Le coquillage n\u2019est pas oblig\u00e9 de recouvrir toute l&rsquo;ar\u00e9ole.<\/span><\/li>\n<\/ul>\n<a itemprop=\"url\" href=\"https:\/\/www.amazon.fr\/gp\/product\/B08T5XPJSD\/ref=as_li_tl?ie=UTF8&#038;camp=1642&#038;creative=6746&#038;creativeASIN=B08T5XPJSD&#038;linkCode=as2&#038;tag=monpostpartum-21&#038;linkId=cb2b2f142d04215b6e5e724901e257d9\"\n   target=\"_self\"  class=\"mkdf-btn mkdf-btn-medium mkdf-btn-solid\"  >\n\t<span class=\"mkdf-btn-text\">ACHETER ICI<\/span>\n\t<i class=\"mkdf-icon-font-awesome  \" ><\/i><\/a>\n","protected":false},"excerpt":{"rendered":"<ul class=\"a-unordered-list a-vertical a-spacing-mini\">\n<li><span class=\"a-list-item\"><strong>PAIRE DE COQUILLAGES D\u2019ALLAITEMENT NEW MUMS EN NACRE 100% NATURELLE MADE IN FRANCE<\/strong> &#8211; Soigneusement s\u00e9lectionn\u00e9s puis polis gr\u00e2ce \u00e0 6 supports diff\u00e9rents avant d\u2019\u00eatre class\u00e9s par paires pour vous garantir la meilleure ressemblance et le plus grand confort<\/span><\/li>\n<li><span class=\"a-list-item\"><strong>PROT\u00c8GE-MAMELONS NATURELS<\/strong> &#8211; Pr\u00e9serve les bouts de seins des frottements et permet de r\u00e9cup\u00e9rer une partie des pertes de lait, qui avec la nacre permet une cicatrisation rapide du mamelon. Solution recommand\u00e9e par de nombreuses sages femmes pour ses vertus apaisantes et cicatrisantes<\/span><\/li>\n<li><span class=\"a-list-item\"><strong>EFFET FRAICHEUR APAISANT<\/strong> &#8211; La nacre apporte un sensation de fra\u00eecheur sur votre peau et participe \u00e0 sa cicatrisation; Nos coquilles d\u2019allaitement peuvent \u00e9galement \u00eatre utilis\u00e9s avec des cr\u00e8mes de soins adapt\u00e9es \u00e0 vos mamelons<\/span><\/li>\n<li><span class=\"a-list-item\"><strong>SOLUTION NATURELLE ET \u00c9COLOGIQUE POUR L\u2019ALLAITEMENT MATERNEL<\/strong> &#8211; r\u00e9utilisables sans limites apr\u00e8s un simple nettoyage \u00e0 l\u2019eau claire ou savonneuse; Nous effectuons avec soin le choix, le polissage et le classement de nos coquillages par paires pour vous garantir la plus grande satisfaction.\n<p><\/span><\/li>\n<\/ul>\n[mkdf_button size=\"\" type=\"\" text=\"ACHETER ICI\" custom_class=\"\" icon_pack=\"font_awesome\" fa_icon=\"\" link=\"https:\/\/www.amazon.fr\/gp\/product\/B08T5XPJSD\/ref=as_li_tl?ie=UTF8&amp;camp=1642&amp;creative=6746&amp;creativeASIN=B08T5XPJSD&amp;linkCode=as2&amp;tag=monpostpartum-21&amp;linkId=cb2b2f142d04215b6e5e724901e257d9\" target=\"_self\" color=\"\" hover_color=\"\" background_color=\"\" hover_background_color=\"\" border_color=\"\" hover_border_color=\"\" font_size=\"\" font_weight=\"\" margin=\"\"]\n","protected":false},"author":1,"featured_media":2684,"comment_status":"open","ping_status":"closed","template":"","meta":{"_monsterinsights_skip_tracking":false,"_monsterinsights_sitenote_active":false,"_monsterinsights_sitenote_note":"","_monsterinsights_sitenote_category":0},"_links":{"self":[{"href":"https:\/\/mon-post-partum.com\/index.php\/wp-json\/wp\/v2\/product\/2072"}],"collection":[{"href":"https:\/\/mon-post-partum.com\/index.php\/wp-json\/wp\/v2\/product"}],"about":[{"href":"https:\/\/mon-post-partum.com\/index.php\/wp-json\/wp\/v2\/types\/product"}],"author":[{"embeddable":true,"href":"https:\/\/mon-post-partum.com\/index.php\/wp-json\/wp\/v2\/users\/1"}],"replies":[{"embeddable":true,"href":"https:\/\/mon-post-partum.com\/index.php\/wp-json\/wp\/v2\/comments?post=2072"}],"wp:featuredmedia":[{"embeddable":true,"href":"https:\/\/mon-post-partum.com\/index.php\/wp-json\/wp\/v2\/media\/2684"}],"wp:attachment":[{"href":"https:\/\/mon-post-partum.com\/index.php\/wp-json\/wp\/v2\/media?parent=2072"}],"curies":[{"name":"wp","href":"https:\/\/api.w.org\/{rel}","templated":true}]}}