{"id":2071,"date":"2019-07-29T13:07:03","date_gmt":"2019-07-29T13:07:03","guid":{"rendered":"https:\/\/chapterone.qodeinteractive.com\/?post_type=product&#038;p=2071"},"modified":"2026-03-18T19:31:51","modified_gmt":"2026-03-18T18:31:51","slug":"pour-une-naissance-sans-violence","status":"publish","type":"product","link":"https:\/\/mon-post-partum.com\/index.php\/produit\/pour-une-naissance-sans-violence\/","title":{"rendered":"Pour une naissance sans violence &#8211; Fr\u00e9d\u00e9rick Leboyer"},"content":{"rendered":"<p><em>Naissance &#8211; accouchement<\/em><\/p>\n<p>Quand les enfants viennent au monde ils hurlent au lieu de respirer.<\/p>\n<p>Dans ces cris de nouveau-n\u00e9s qu&rsquo;y a-t-il ?<\/p>\n<p>Se pourrait-il que na\u00eetre soit douloureux pour l&rsquo;enfant autant qu&rsquo;accoucher l&rsquo;\u00e9tait, jadis, pour la m\u00e8re ?<\/p>\n<p>Cette souffrance qu&rsquo;est, pour le b\u00e9b\u00e9, la naissance, qui s&rsquo;en soucie ?<\/p>\n<p>Ne peut-on la lui \u00e9viter ?<\/p>\n<p>Une m\u00e9thode qui permet d&rsquo;att\u00e9nuer, sinon de supprimer la violence de la naissance, en modifiant l&rsquo;atmosph\u00e8re et les gestes habituels, d&rsquo;apr\u00e8s des exemples pris \u00e0 travers le monde et notamment dans la soci\u00e9t\u00e9 indienne traditionnelle : accouchement dans le silence et la semi-obscurit\u00e9, rupture du cordon qu&rsquo;apr\u00e8s avoir laiss\u00e9 l&rsquo;enfant d\u00e9couvrir sa m\u00e8re&#8230;<\/p>\n<p>&nbsp;<\/p>\n<p><a href=\"https:\/\/fr.wikipedia.org\/wiki\/Fr%C3%A9d%C3%A9rick_Leboyer\"><b>Fr\u00e9d\u00e9rick Leboyer<\/b><\/a><\/p>\n<p>Ancien interne des H\u00f4pitaux de Paris et chef de clinique \u00e0 la facult\u00e9 de m\u00e9decine de Paris, apr\u00e8s avoir mis au monde plus de dix mille enfants, il d\u00e9cide d&rsquo;abandonner l&rsquo;exercice de la m\u00e9decine, demande \u00e0 \u00eatre ray\u00e9 du tableau de l&rsquo;ordre des m\u00e9decins et, se faisant inscrire, cette fois, \u00e0 la Soci\u00e9t\u00e9 des gens de lettres, se fait \u00e9crivain et se consacre \u00e0 l&rsquo;\u00e9criture comme \u00e0 la photographie, la r\u00e9alisation de films et l&rsquo;enseignement de la musique. Il est notamment l&rsquo;auteur au Seuil de\u00a0<i>Shantala. Un art traditionnel, le massage des enfants<\/i>\u00a0(1976, r\u00e9\u00e9d. 2006), de\u00a0<i>Si l&rsquo;enfantement m&rsquo;\u00e9tait cont\u00e9<\/i>\u00a0(1996) et de\u00a0<i>C\u00e9l\u00e9brer la naissance<\/i> (2007).<\/p>\n<p>&nbsp;<\/p>\n<a itemprop=\"url\" href=\"https:\/\/www.amazon.fr\/gp\/product\/2757810677\/ref=as_li_tl?ie=UTF8&#038;camp=1642&#038;creative=6746&#038;creativeASIN=2757810677&#038;linkCode=as2&#038;tag=monpostpartum-21&#038;linkId=9af3e61e464ac29a3814d746ef0221e0\"\n   target=\"_self\"  class=\"mkdf-btn mkdf-btn-medium mkdf-btn-solid\"  >\n\t<span class=\"mkdf-btn-text\">ACHETER ICI<\/span>\n\t<i class=\"mkdf-icon-font-awesome  \" ><\/i><\/a>\n","protected":false},"excerpt":{"rendered":"<p>Une m\u00e9thode qui permet d&rsquo;att\u00e9nuer, sinon de supprimer la violence de la naissance, en modifiant l&rsquo;atmosph\u00e8re et les gestes habituels, d&rsquo;apr\u00e8s des exemples pris \u00e0 travers le monde et notamment dans la soci\u00e9t\u00e9 indienne traditionnelle : accouchement dans le silence et la semi-obscurit\u00e9, rupture du cordon qu&rsquo;apr\u00e8s avoir laiss\u00e9 l&rsquo;enfant d\u00e9couvrir sa m\u00e8re&#8230;<\/p>\n<p>Ancien interne des H\u00f4pitaux de Paris et chef de clinique \u00e0 la facult\u00e9 de m\u00e9decine de Paris, apr\u00e8s avoir mis au monde plus de dix mille enfants, il d\u00e9cide d&rsquo;abandonner l&rsquo;exercice de la m\u00e9decine, demande \u00e0 \u00eatre ray\u00e9 du tableau de l&rsquo;ordre des m\u00e9decins et, se faisant inscrire, cette fois, \u00e0 la Soci\u00e9t\u00e9 des gens de lettres, se fait \u00e9crivain et se consacre \u00e0 l&rsquo;\u00e9criture comme \u00e0 la photographie, la r\u00e9alisation de films et l&rsquo;enseignement de la musique. Il est notamment l&rsquo;auteur au Seuil de\u00a0Shantala. Un art traditionnel, le massage des enfants\u00a0(1976, r\u00e9\u00e9d. 2006), de\u00a0Si l&rsquo;enfantement m&rsquo;\u00e9tait cont\u00e9\u00a0(1996) et de\u00a0C\u00e9l\u00e9brer la naissance\u00a0(2007).<\/p>\n<p>&nbsp;<\/p>\n[mkdf_button size=\"\" type=\"\" text=\"ACHETER ICI\" custom_class=\"\" icon_pack=\"font_awesome\" fa_icon=\"\" link=\"https:\/\/www.amazon.fr\/gp\/product\/2757810677\/ref=as_li_tl?ie=UTF8&amp;camp=1642&amp;creative=6746&amp;creativeASIN=2757810677&amp;linkCode=as2&amp;tag=monpostpartum-21&amp;linkId=9af3e61e464ac29a3814d746ef0221e0\" target=\"_self\" color=\"\" hover_color=\"\" background_color=\"\" hover_background_color=\"\" border_color=\"\" hover_border_color=\"\" font_size=\"\" font_weight=\"\" margin=\"\"]\n","protected":false},"author":1,"featured_media":2624,"comment_status":"open","ping_status":"closed","template":"","meta":{"_monsterinsights_skip_tracking":false,"_monsterinsights_sitenote_active":false,"_monsterinsights_sitenote_note":"","_monsterinsights_sitenote_category":0},"_links":{"self":[{"href":"https:\/\/mon-post-partum.com\/index.php\/wp-json\/wp\/v2\/product\/2071"}],"collection":[{"href":"https:\/\/mon-post-partum.com\/index.php\/wp-json\/wp\/v2\/product"}],"about":[{"href":"https:\/\/mon-post-partum.com\/index.php\/wp-json\/wp\/v2\/types\/product"}],"author":[{"embeddable":true,"href":"https:\/\/mon-post-partum.com\/index.php\/wp-json\/wp\/v2\/users\/1"}],"replies":[{"embeddable":true,"href":"https:\/\/mon-post-partum.com\/index.php\/wp-json\/wp\/v2\/comments?post=2071"}],"wp:featuredmedia":[{"embeddable":true,"href":"https:\/\/mon-post-partum.com\/index.php\/wp-json\/wp\/v2\/media\/2624"}],"wp:attachment":[{"href":"https:\/\/mon-post-partum.com\/index.php\/wp-json\/wp\/v2\/media?parent=2071"}],"curies":[{"name":"wp","href":"https:\/\/api.w.org\/{rel}","templated":true}]}}