{"id":2066,"date":"2019-07-25T13:02:04","date_gmt":"2019-07-25T13:02:04","guid":{"rendered":"https:\/\/chapterone.qodeinteractive.com\/?post_type=product&#038;p=2066"},"modified":"2025-11-02T12:32:01","modified_gmt":"2025-11-02T11:32:01","slug":"guide-de-la-naissance-naturelle-ina-may-gaskin","status":"publish","type":"product","link":"https:\/\/mon-post-partum.com\/index.php\/produit\/guide-de-la-naissance-naturelle-ina-may-gaskin\/","title":{"rendered":"Le guide de la naissance naturelle &#8211; Ina May Gaskin"},"content":{"rendered":"<p><em>Naissance naturelle<\/em><\/p>\n<p>Accoucher chez soi, en maison de naissance ou en maternit\u00e9\u2026 La sage-femme la plus c\u00e9l\u00e8bre au monde r\u00e9v\u00e8le les capacit\u00e9s insoup\u00e7onn\u00e9es du corps de la femme. Un best-seller enfin en fran\u00e7ais.<\/p>\n<p>\u00c0 partir de r\u00e9cits de naissance qui transmettent un sentiment de joie et de confiance, et forte de quarante ann\u00e9es d&rsquo;exp\u00e9rience, <a href=\"https:\/\/en.wikipedia.org\/wiki\/Ina_May_Gaskin\">Ina May Gaskin<\/a> examine les pratiques obst\u00e9triques propos\u00e9es aux femmes, pour les aider \u00e0 choisir celles qui sont r\u00e9ellement \u00e0 leur avantage. Cette bible de l&rsquo;accouchement nous fait red\u00e9couvrir une sagesse oubli\u00e9e : l&rsquo;ouverture du corps est li\u00e9e \u00e0 l&rsquo;ouverture de l&rsquo;\u00e2me, ce qui donne \u00e0 l&rsquo;enfantement sa pleine dimension spirituelle.<\/p>\n<p>Enfin, secret bien gard\u00e9, l&rsquo;accouchement est un acte de la vie sexuelle et certaines femmes le vivent comme une exp\u00e9rience orgasmique ou extatique. Un livre sans tabou, indispensable pour les futures m\u00e8res comme pour les professionnels de sant\u00e9, enrichi d&rsquo;un annuaire international d&rsquo;adresses utiles, le MamaScope.<\/p>\n<p>L&rsquo;auteure : Ina May Gaskin, auteure du fameux \u00ab\u00a0Guide de l&rsquo;allaitement naturel\u00a0\u00bb, a re\u00e7u \u00e0 Stockholm, fin 2011, le prestigieux prix Nobel alternatif (The Right Livelihood Award). Elle a \u00e9galement re\u00e7u, en 2009, le titre de docteur honoris causa de la facult\u00e9 de m\u00e9decine de Thames Valley (Londres). Ses livres, vendus \u00e0 plus d&rsquo;un million d&rsquo;exemplaires, sont publi\u00e9s en quatorze langues et font partie de l&rsquo;enseignement officiel des \u00e9coles de sages-femmes dans divers pays.<\/p>\n<p>Pr\u00e9face du <a href=\"https:\/\/fr.wikipedia.org\/wiki\/Michel_Odent\">Dr Michel Odent<\/a>, ancien directeur de la maternit\u00e9 de l&rsquo;h\u00f4pital de Pithiviers. Illustr\u00e9 par 20 photos et dessins in\u00e9dits.<\/p>\n<p>&nbsp;<\/p>\n<a itemprop=\"url\" href=\"https:\/\/www.amazon.fr\/gp\/product\/2845940327\/ref=as_li_tl?ie=UTF8&#038;camp=1642&#038;creative=6746&#038;creativeASIN=2845940327&#038;linkCode=as2&#038;tag=monpostpartum-21&#038;linkId=ce01273ef89157d17cc5341c52e01c5d\"\n   target=\"_self\"  class=\"mkdf-btn mkdf-btn-medium mkdf-btn-solid\"  >\n\t<span class=\"mkdf-btn-text\">ACHETER ICI<\/span>\n\t<i class=\"mkdf-icon-font-awesome  \" ><\/i><\/a>\n","protected":false},"excerpt":{"rendered":"<p>Accoucher chez soi, en maison de naissance ou en maternit\u00e9\u2026 La sage-femme la plus c\u00e9l\u00e8bre au monde r\u00e9v\u00e8le les capacit\u00e9s insoup\u00e7onn\u00e9es du corps de la femme. Un best-seller enfin en fran\u00e7ais.<\/p>\n<p>\u00c0 partir de r\u00e9cits de naissance qui transmettent un sentiment de joie et de confiance, et forte de quarante ann\u00e9es d&rsquo;exp\u00e9rience, Ina May Gaskin examine les pratiques obst\u00e9triques propos\u00e9es aux femmes, pour les aider \u00e0 choisir celles qui sont r\u00e9ellement \u00e0 leur avantage. Cette bible de l&rsquo;accouchement nous fait red\u00e9couvrir une sagesse oubli\u00e9e : l&rsquo;ouverture du corps est li\u00e9e \u00e0 l&rsquo;ouverture de l&rsquo;\u00e2me, ce qui donne \u00e0 l&rsquo;enfantement sa pleine dimension spirituelle.<\/p>\n<p>&nbsp;<\/p>\n[mkdf_button size=\"\" type=\"\" text=\"ACHETER ICI\" custom_class=\"\" icon_pack=\"font_awesome\" fa_icon=\"\" link=\"https:\/\/www.amazon.fr\/gp\/product\/2845940327\/ref=as_li_tl?ie=UTF8&amp;camp=1642&amp;creative=6746&amp;creativeASIN=2845940327&amp;linkCode=as2&amp;tag=monpostpartum-21&amp;linkId=ce01273ef89157d17cc5341c52e01c5d\" target=\"_self\" color=\"\" hover_color=\"\" background_color=\"\" hover_background_color=\"\" border_color=\"\" hover_border_color=\"\" font_size=\"\" font_weight=\"\" margin=\"\"]\n","protected":false},"author":1,"featured_media":2626,"comment_status":"open","ping_status":"closed","template":"","meta":{"_monsterinsights_skip_tracking":false,"_monsterinsights_sitenote_active":false,"_monsterinsights_sitenote_note":"","_monsterinsights_sitenote_category":0},"_links":{"self":[{"href":"https:\/\/mon-post-partum.com\/index.php\/wp-json\/wp\/v2\/product\/2066"}],"collection":[{"href":"https:\/\/mon-post-partum.com\/index.php\/wp-json\/wp\/v2\/product"}],"about":[{"href":"https:\/\/mon-post-partum.com\/index.php\/wp-json\/wp\/v2\/types\/product"}],"author":[{"embeddable":true,"href":"https:\/\/mon-post-partum.com\/index.php\/wp-json\/wp\/v2\/users\/1"}],"replies":[{"embeddable":true,"href":"https:\/\/mon-post-partum.com\/index.php\/wp-json\/wp\/v2\/comments?post=2066"}],"wp:featuredmedia":[{"embeddable":true,"href":"https:\/\/mon-post-partum.com\/index.php\/wp-json\/wp\/v2\/media\/2626"}],"wp:attachment":[{"href":"https:\/\/mon-post-partum.com\/index.php\/wp-json\/wp\/v2\/media?parent=2066"}],"curies":[{"name":"wp","href":"https:\/\/api.w.org\/{rel}","templated":true}]}}