{"id":2065,"date":"2019-07-24T08:10:14","date_gmt":"2019-07-24T08:10:14","guid":{"rendered":"https:\/\/chapterone.qodeinteractive.com\/?post_type=product&#038;p=2065"},"modified":"2026-03-28T01:20:22","modified_gmt":"2026-03-28T00:20:22","slug":"bebe-dis-moi-qui-tu-es-grandsenne","status":"publish","type":"product","link":"https:\/\/mon-post-partum.com\/index.php\/produit\/bebe-dis-moi-qui-tu-es-grandsenne\/","title":{"rendered":"B\u00e9b\u00e9 dis moi qui tu es &#8211; Docteur Philippe Grandsenne"},"content":{"rendered":"<p>Vivre avec s\u00e9r\u00e9nit\u00e9 les premiers mois avec votre b\u00e9b\u00e9. L&rsquo;arriv\u00e9e d&rsquo;un nouveau-n\u00e9 entra\u00eene ses parents dans une aventure pleine d&rsquo;impr\u00e9vus. Loin des th\u00e9ories et des id\u00e9es pr\u00e9con\u00e7ues, ce livre, \u00e9crit par un p\u00e9diatre, n&rsquo;a qu&rsquo;une ambition : celle d&rsquo;aider les parents \u00e0 regarder vivre leur b\u00e9b\u00e9 pour le comprendre tel qu&rsquo;il est.<\/p>\n<p>&nbsp;<\/p>\n<a itemprop=\"url\" href=\"https:\/\/www.amazon.fr\/gp\/product\/2501135466\/ref=as_li_tl?ie=UTF8&#038;camp=1642&#038;creative=6746&#038;creativeASIN=2501135466&#038;linkCode=as2&#038;tag=monpostpartum-21&#038;linkId=20f8a228acd825d0b98552b17e2ecbbb\"\n   target=\"_self\"  class=\"mkdf-btn mkdf-btn-medium mkdf-btn-solid\"  >\n\t<span class=\"mkdf-btn-text\">ACHETER ICI<\/span>\n\t<i class=\"mkdf-icon-font-awesome  \" ><\/i><\/a>\n","protected":false},"excerpt":{"rendered":"<p>Vivre avec s\u00e9r\u00e9nit\u00e9 les premiers mois avec votre b\u00e9b\u00e9. L&rsquo;arriv\u00e9e d&rsquo;un nouveau-n\u00e9 entra\u00eene ses parents dans une aventure pleine d&rsquo;impr\u00e9vus. Loin des th\u00e9ories et des id\u00e9es pr\u00e9con\u00e7ues, ce livre, \u00e9crit par un p\u00e9diatre, n&rsquo;a qu&rsquo;une ambition : celle d&rsquo;aider les parents \u00e0 regarder vivre leur b\u00e9b\u00e9 pour le comprendre tel qu&rsquo;il est.<\/p>\n<p>&nbsp;<\/p>\n[mkdf_button size=\"\" type=\"\" text=\"ACHETER ICI\" custom_class=\"\" icon_pack=\"font_awesome\" fa_icon=\"\" link=\"https:\/\/www.amazon.fr\/gp\/product\/2501135466\/ref=as_li_tl?ie=UTF8&amp;camp=1642&amp;creative=6746&amp;creativeASIN=2501135466&amp;linkCode=as2&amp;tag=monpostpartum-21&amp;linkId=20f8a228acd825d0b98552b17e2ecbbb\" target=\"_self\" color=\"\" hover_color=\"\" background_color=\"\" hover_background_color=\"\" border_color=\"\" hover_border_color=\"\" font_size=\"\" font_weight=\"\" margin=\"\"]\n","protected":false},"author":1,"featured_media":2631,"comment_status":"open","ping_status":"closed","template":"","meta":{"_monsterinsights_skip_tracking":false,"_monsterinsights_sitenote_active":false,"_monsterinsights_sitenote_note":"","_monsterinsights_sitenote_category":0},"_links":{"self":[{"href":"https:\/\/mon-post-partum.com\/index.php\/wp-json\/wp\/v2\/product\/2065"}],"collection":[{"href":"https:\/\/mon-post-partum.com\/index.php\/wp-json\/wp\/v2\/product"}],"about":[{"href":"https:\/\/mon-post-partum.com\/index.php\/wp-json\/wp\/v2\/types\/product"}],"author":[{"embeddable":true,"href":"https:\/\/mon-post-partum.com\/index.php\/wp-json\/wp\/v2\/users\/1"}],"replies":[{"embeddable":true,"href":"https:\/\/mon-post-partum.com\/index.php\/wp-json\/wp\/v2\/comments?post=2065"}],"wp:featuredmedia":[{"embeddable":true,"href":"https:\/\/mon-post-partum.com\/index.php\/wp-json\/wp\/v2\/media\/2631"}],"wp:attachment":[{"href":"https:\/\/mon-post-partum.com\/index.php\/wp-json\/wp\/v2\/media?parent=2065"}],"curies":[{"name":"wp","href":"https:\/\/api.w.org\/{rel}","templated":true}]}}