{"id":2064,"date":"2019-07-23T08:00:56","date_gmt":"2019-07-23T08:00:56","guid":{"rendered":"https:\/\/chapterone.qodeinteractive.com\/?post_type=product&#038;p=2064"},"modified":"2026-03-21T02:54:22","modified_gmt":"2026-03-21T01:54:22","slug":"le-mois-dor-chadelat-mahe-poulin","status":"publish","type":"product","link":"https:\/\/mon-post-partum.com\/index.php\/produit\/le-mois-dor-chadelat-mahe-poulin\/","title":{"rendered":"Le mois d&rsquo;or &#8211; C\u00e9line Chadelat , Marie Mah\u00e9-poulin"},"content":{"rendered":"<p>Le mois qui suit l&rsquo;accouchement est l&rsquo;un des plus beaux moments de la vie d&rsquo;une femme. Mais ces semaines sont aussi \u00e9prouvantes pour la m\u00e8re comme pour le nouveau-n\u00e9 : manque de sommeil, fatigue, douleurs, baby blues&#8230; Les jeunes m\u00e8res se retrouvent souvent seules, les \u00e9motions \u00e0 fleur de peau, pour affronter une phase de bouleversements. Cette p\u00e9riode repr\u00e9sente un enjeu majeur pour la sante future de la m\u00e8re. Dans de nombreuses cultures, elle fait ainsi l&rsquo;objet de soins adapt\u00e9s (bandage du bassin, massages, conseils en nutrition&#8230;) et d&rsquo;attentions particuli\u00e8res afin de bien prendre soin d&rsquo;elle et de permettre \u00e0 son corps de r\u00e9cup\u00e9rer.<br \/>\nCe guide est une invitation \u00e0 vivre pleinement ces premi\u00e8res semaines. Il indique comment se pr\u00e9server des difficult\u00e9s en mettant en place des pratiques (yoga, m\u00e9ditation, shiatsu, soins du p\u00e9rin\u00e9e, EFT&#8230;) et une organisation adapt\u00e9e (taches domestiques, sommeil, rendez-vous m\u00e9dicaux&#8230;) avec l&rsquo;aide des proches.<\/p>\n<p>Un ouvrage essentiel pour favoriser la rencontre de la m\u00e8re et de l&rsquo;enfant !<\/p>\n<p>&nbsp;<\/p>\n<a itemprop=\"url\" href=\"https:\/\/www.amazon.fr\/gp\/product\/2845927886\/ref=as_li_tl?ie=UTF8&#038;camp=1642&#038;creative=6746&#038;creativeASIN=2845927886&#038;linkCode=as2&#038;tag=monpostpartum-21&#038;linkId=77b31d97b1525c63eb221ea7011c2f4f\"\n   target=\"_self\"  class=\"mkdf-btn mkdf-btn-medium mkdf-btn-solid\"  >\n\t<span class=\"mkdf-btn-text\">ACHETER ICI<\/span>\n\t<i class=\"mkdf-icon-font-awesome  \" ><\/i><\/a>\n","protected":false},"excerpt":{"rendered":"<p>Le mois qui suit l&rsquo;accouchement est l&rsquo;un des plus beaux moments de la vie d&rsquo;une femme. Mais ces semaines sont aussi \u00e9prouvantes pour la m\u00e8re comme pour le nouveau-n\u00e9 : manque de sommeil, fatigue, douleurs, baby blues&#8230; Les jeunes m\u00e8res se retrouvent souvent seules, les \u00e9motions \u00e0 fleur de peau, pour affronter une phase de bouleversements. Cette p\u00e9riode repr\u00e9sente un enjeu majeur pour la sante future de la m\u00e8re. Dans de nombreuses cultures, elle fait ainsi l&rsquo;objet de soins adapt\u00e9s (bandage du bassin, massages, conseils en nutrition&#8230;) et d&rsquo;attentions particuli\u00e8res afin de bien prendre soin d&rsquo;elle et de permettre \u00e0 son corps de r\u00e9cup\u00e9rer.<br \/>\nCe guide est une invitation \u00e0 vivre pleinement ces premi\u00e8res semaines. Il indique comment se pr\u00e9server des difficult\u00e9s en mettant en place des pratiques (yoga, m\u00e9ditation, shiatsu, soins du p\u00e9rin\u00e9e, EFT&#8230;) et une organisation adapt\u00e9e (taches domestiques, sommeil, rendez-vous m\u00e9dicaux&#8230;) avec l&rsquo;aide des proches.<\/p>\n<p>Un ouvrage essentiel pour favoriser la rencontre de la m\u00e8re et de l&rsquo;enfant !<\/p>\n<p>&nbsp;<\/p>\n[mkdf_button size=\"\" type=\"\" text=\"ACHETER ICI\" custom_class=\"\" icon_pack=\"font_awesome\" fa_icon=\"\" link=\"https:\/\/www.amazon.fr\/gp\/product\/2845927886\/ref=as_li_tl?ie=UTF8&amp;camp=1642&amp;creative=6746&amp;creativeASIN=2845927886&amp;linkCode=as2&amp;tag=monpostpartum-21&amp;linkId=77b31d97b1525c63eb221ea7011c2f4f\" target=\"_self\" color=\"\" hover_color=\"\" background_color=\"\" hover_background_color=\"\" border_color=\"\" hover_border_color=\"\" font_size=\"\" font_weight=\"\" margin=\"\"]\n","protected":false},"author":1,"featured_media":2633,"comment_status":"open","ping_status":"closed","template":"","meta":{"_monsterinsights_skip_tracking":false,"_monsterinsights_sitenote_active":false,"_monsterinsights_sitenote_note":"","_monsterinsights_sitenote_category":0},"_links":{"self":[{"href":"https:\/\/mon-post-partum.com\/index.php\/wp-json\/wp\/v2\/product\/2064"}],"collection":[{"href":"https:\/\/mon-post-partum.com\/index.php\/wp-json\/wp\/v2\/product"}],"about":[{"href":"https:\/\/mon-post-partum.com\/index.php\/wp-json\/wp\/v2\/types\/product"}],"author":[{"embeddable":true,"href":"https:\/\/mon-post-partum.com\/index.php\/wp-json\/wp\/v2\/users\/1"}],"replies":[{"embeddable":true,"href":"https:\/\/mon-post-partum.com\/index.php\/wp-json\/wp\/v2\/comments?post=2064"}],"wp:featuredmedia":[{"embeddable":true,"href":"https:\/\/mon-post-partum.com\/index.php\/wp-json\/wp\/v2\/media\/2633"}],"wp:attachment":[{"href":"https:\/\/mon-post-partum.com\/index.php\/wp-json\/wp\/v2\/media?parent=2064"}],"curies":[{"name":"wp","href":"https:\/\/api.w.org\/{rel}","templated":true}]}}